{"id":18,"date":"2018-10-28T20:09:26","date_gmt":"2018-10-28T20:09:26","guid":{"rendered":"http:\/\/tangofreunde-hamburg.de\/?page_id=18"},"modified":"2018-12-21T17:51:50","modified_gmt":"2018-12-21T17:51:50","slug":"home","status":"publish","type":"page","link":"https:\/\/tangofreunde-hamburg.de\/","title":{"rendered":"Home"},"content":{"rendered":"<p>Liebe TangofreundInnen,<\/p>\n<p>der Verein \u201eFreunde des Tango Argentino in Hamburg\u201c wurde in Hamburg am 6. August 2018 mit dem Ziel gegr\u00fcndet den Tango Argentino und andere argentinische und lateinamerikanische Tanz- und Musikformen und deren Interpreten zu unterst\u00fctzen. Der Verein wird Tanz- und Musikveranstaltungen in Hamburg organisieren sowie regelm\u00e4\u00dfige Filmevorf\u00fchrungen und Lesungen durchf\u00fchren, die die Geschichte und Entwicklung des Tango Argentino darstellen, um dadurch das Verst\u00e4ndnis f\u00fcr diese fantastische Kunst- und Kulturform sowie die spanische (lateinamerikanische) Sprache zu vertiefen. Au\u00dferdem will der Verein sich an Tanzprojekten, Mitmach-Aktionen und Stra\u00dfenfesten in Hamburg (besonders in St. Georg, Mitte und HafenCity) beteiligen und interkulturellen Dialog und Integration mit Hilfe von Musik und Tanz f\u00f6rdern.<\/p>\n<p>Kunst und Kulturveranstaltungen, so auch Tangofestivals und Tanzveranstaltungen, tragen sich finanziell selten selbst \u2013 F\u00f6rdermittel, Spenden sowie aktive und ideelle Unterst\u00fctzung sind ungemein wichtig um Raum f\u00fcr kreative Ideen zu schaffen und K\u00fcnstler von au\u00dferhalb einzuladen und die lokale Szene zu befruchten. Mit dem neuen Verein wollen wir daf\u00fcr ein Forum schaffen.<\/p>\n<p>Auch Sie k\u00f6nnen helfen und mit bereits kleinen Betr\u00e4gen zur Finanzierung der Veranstaltungen des Vereins \u201eFreunde des Tango Argentino in Hamburg\u201c beitragen: <b>spenden sie <a href=\"http:\/\/tangofreunde-hamburg.de\/?page_id=53#Bankverbindung\">hier<\/a><\/b>. Der Verein ist gemeinn\u00fctzig und die Spenden k\u00f6nnen steuerlich geltend gemacht werden.<\/p>\n","protected":false},"excerpt":{"rendered":"<p>Liebe TangofreundInnen, der Verein \u201eFreunde des Tango Argentino in Hamburg\u201c wurde in Hamburg am 6. August 2018 mit dem Ziel gegr\u00fcndet den Tango Argentino und andere argentinische und lateinamerikanische Tanz- und Musikformen und deren Interpreten zu unterst\u00fctzen. Der&#8230; <a class=\"read-more\" href=\"https:\/\/tangofreunde-hamburg.de\/\">Read More<\/a><\/p>\n","protected":false},"author":1,"featured_media":0,"parent":0,"menu_order":0,"comment_status":"closed","ping_status":"closed","template":"","meta":{"footnotes":""},"_links":{"self":[{"href":"https:\/\/tangofreunde-hamburg.de\/index.php?rest_route=\/wp\/v2\/pages\/18"}],"collection":[{"href":"https:\/\/tangofreunde-hamburg.de\/index.php?rest_route=\/wp\/v2\/pages"}],"about":[{"href":"https:\/\/tangofreunde-hamburg.de\/index.php?rest_route=\/wp\/v2\/types\/page"}],"author":[{"embeddable":true,"href":"https:\/\/tangofreunde-hamburg.de\/index.php?rest_route=\/wp\/v2\/users\/1"}],"replies":[{"embeddable":true,"href":"https:\/\/tangofreunde-hamburg.de\/index.php?rest_route=%2Fwp%2Fv2%2Fcomments&post=18"}],"version-history":[{"count":6,"href":"https:\/\/tangofreunde-hamburg.de\/index.php?rest_route=\/wp\/v2\/pages\/18\/revisions"}],"predecessor-version":[{"id":71,"href":"https:\/\/tangofreunde-hamburg.de\/index.php?rest_route=\/wp\/v2\/pages\/18\/revisions\/71"}],"wp:attachment":[{"href":"https:\/\/tangofreunde-hamburg.de\/index.php?rest_route=%2Fwp%2Fv2%2Fmedia&parent=18"}],"curies":[{"name":"wp","href":"https:\/\/api.w.org\/{rel}","templated":true}]}}